{"id":684,"date":"2021-06-17T11:54:34","date_gmt":"2021-06-17T09:54:34","guid":{"rendered":"https:\/\/www.med-home.ch\/?page_id=684"},"modified":"2024-09-11T09:43:06","modified_gmt":"2024-09-11T07:43:06","slug":"nuetzliche-links","status":"publish","type":"page","link":"https:\/\/www.med-home.ch\/de\/praktische-informationen\/nuetzliche-links\/","title":{"rendered":"N\u00fctzliche Links"},"content":{"rendered":"<section class=\"l-section wpb_row height_medium\"><div class=\"l-section-h i-cf\"><div class=\"g-cols vc_row via_flex valign_top type_default stacking_default\"><div class=\"vc_col-sm-12 wpb_column vc_column_container\"><div class=\"vc_column-inner\"><div class=\"wpb_wrapper\"><div class=\"w-separator size_medium\"><\/div><div class=\"g-cols wpb_row via_flex valign_top type_default stacking_default\"><div class=\"vc_col-sm-3 wpb_column vc_column_container\"><div class=\"vc_column-inner\"><div class=\"wpb_wrapper\"><div class=\"w-image align_center\"><a target=\"_blank\" rel=\"nofollow\" href=\"https:\/\/www.h-fr.ch\/de\" aria-label=\"medhome-liens-utiles-hopital-fribourgeois\" class=\"w-image-h\"><img decoding=\"async\" width=\"500\" height=\"255\" src=\"https:\/\/www.med-home.ch\/wp-content\/uploads\/2021\/06\/medhome-liens-utiles-hopital-fribourgeois.png\" class=\"attachment-full size-full\" alt=\"\" loading=\"lazy\" srcset=\"https:\/\/www.med-home.ch\/wp-content\/uploads\/2021\/06\/medhome-liens-utiles-hopital-fribourgeois.png 500w, https:\/\/www.med-home.ch\/wp-content\/uploads\/2021\/06\/medhome-liens-utiles-hopital-fribourgeois-300x153.png 300w\" sizes=\"auto, (max-width: 500px) 100vw, 500px\" \/><\/a><\/div><div class=\"w-separator size_small\"><\/div><div class=\"wpb_text_column\"><div class=\"wpb_wrapper\"><p style=\"text-align: center;\">Freiburger Spital<\/p>\n<\/div><\/div><\/div><\/div><\/div><div class=\"vc_col-sm-3 wpb_column vc_column_container\"><div class=\"vc_column-inner\"><div class=\"wpb_wrapper\"><div class=\"w-image align_center\"><a target=\"_blank\" rel=\"nofollow\" href=\"https:\/\/www.bag.admin.ch\/bag\/de\/home.html\" aria-label=\"medhome-liens-utiles-office-federal-sante-publique\" class=\"w-image-h\"><img decoding=\"async\" width=\"500\" height=\"255\" src=\"https:\/\/www.med-home.ch\/wp-content\/uploads\/2021\/06\/medhome-liens-utiles-office-federal-sante-publique.png\" class=\"attachment-full size-full\" alt=\"\" loading=\"lazy\" srcset=\"https:\/\/www.med-home.ch\/wp-content\/uploads\/2021\/06\/medhome-liens-utiles-office-federal-sante-publique.png 500w, https:\/\/www.med-home.ch\/wp-content\/uploads\/2021\/06\/medhome-liens-utiles-office-federal-sante-publique-300x153.png 300w\" sizes=\"auto, (max-width: 500px) 100vw, 500px\" \/><\/a><\/div><div class=\"w-separator size_small\"><\/div><div class=\"wpb_text_column\"><div class=\"wpb_wrapper\"><p style=\"text-align: center;\">Schweizerische Eidgenossenschaft<\/p>\n<\/div><\/div><\/div><\/div><\/div><div class=\"vc_col-sm-3 wpb_column vc_column_container\"><div class=\"vc_column-inner\"><div class=\"wpb_wrapper\"><div class=\"w-image align_center\"><a target=\"_blank\" rel=\"nofollow\" href=\"https:\/\/www.risch.ch\/de\" aria-label=\"medhome-liens-utiles-laboratoire-docteur-risch\" class=\"w-image-h\"><img decoding=\"async\" width=\"500\" height=\"255\" src=\"https:\/\/www.med-home.ch\/wp-content\/uploads\/2021\/06\/medhome-liens-utiles-laboratoire-docteur-risch.png\" class=\"attachment-full size-full\" alt=\"\" loading=\"lazy\" srcset=\"https:\/\/www.med-home.ch\/wp-content\/uploads\/2021\/06\/medhome-liens-utiles-laboratoire-docteur-risch.png 500w, https:\/\/www.med-home.ch\/wp-content\/uploads\/2021\/06\/medhome-liens-utiles-laboratoire-docteur-risch-300x153.png 300w\" sizes=\"auto, (max-width: 500px) 100vw, 500px\" \/><\/a><\/div><div class=\"w-separator size_small\"><\/div><div class=\"wpb_text_column\"><div class=\"wpb_wrapper\"><p style=\"text-align: center;\">Dr. Risch Labor<\/p>\n<\/div><\/div><\/div><\/div><\/div><div class=\"vc_col-sm-3 wpb_column vc_column_container\"><div class=\"vc_column-inner\"><div class=\"wpb_wrapper\"><div class=\"w-image align_center\"><a target=\"_blank\" rel=\"nofollow\" href=\"https:\/\/www.affidea.ch\/de\/\" aria-label=\"medhome-liens-utiles-centre-de-radiologie-affidea\" class=\"w-image-h\"><img decoding=\"async\" width=\"500\" height=\"255\" src=\"https:\/\/www.med-home.ch\/wp-content\/uploads\/2021\/06\/medhome-liens-utiles-centre-de-radiologie-affidea.png\" class=\"attachment-full size-full\" alt=\"\" loading=\"lazy\" srcset=\"https:\/\/www.med-home.ch\/wp-content\/uploads\/2021\/06\/medhome-liens-utiles-centre-de-radiologie-affidea.png 500w, https:\/\/www.med-home.ch\/wp-content\/uploads\/2021\/06\/medhome-liens-utiles-centre-de-radiologie-affidea-300x153.png 300w\" sizes=\"auto, (max-width: 500px) 100vw, 500px\" \/><\/a><\/div><div class=\"w-separator size_small\"><\/div><div class=\"wpb_text_column\"><div class=\"wpb_wrapper\"><p style=\"text-align: center;\">Radiologie-Zentrum<\/p>\n<\/div><\/div><\/div><\/div><\/div><\/div><div class=\"w-separator size_medium\"><\/div><div class=\"g-cols wpb_row via_flex valign_top type_default stacking_default\"><div class=\"vc_col-sm-3 wpb_column vc_column_container\"><div class=\"vc_column-inner\"><div class=\"wpb_wrapper\"><div class=\"w-image align_center\"><a target=\"_blank\" rel=\"nofollow\" href=\"https:\/\/www.cimf.ch\/home\/\" aria-label=\"medhome-liens-utiles-centre-imagerie-medicale-fribourg\" class=\"w-image-h\"><img decoding=\"async\" width=\"500\" height=\"255\" src=\"https:\/\/www.med-home.ch\/wp-content\/uploads\/2021\/06\/medhome-liens-utiles-centre-imagerie-medicale-fribourg.png\" class=\"attachment-full size-full\" alt=\"\" loading=\"lazy\" srcset=\"https:\/\/www.med-home.ch\/wp-content\/uploads\/2021\/06\/medhome-liens-utiles-centre-imagerie-medicale-fribourg.png 500w, https:\/\/www.med-home.ch\/wp-content\/uploads\/2021\/06\/medhome-liens-utiles-centre-imagerie-medicale-fribourg-300x153.png 300w\" sizes=\"auto, (max-width: 500px) 100vw, 500px\" \/><\/a><\/div><div class=\"w-separator size_small\"><\/div><div class=\"wpb_text_column\"><div class=\"wpb_wrapper\"><p style=\"text-align: center;\">Zentrum Ste-Th\u00e9r\u00e8se<\/p>\n<\/div><\/div><\/div><\/div><\/div><div class=\"vc_col-sm-3 wpb_column vc_column_container\"><div class=\"vc_column-inner\"><div class=\"wpb_wrapper\"><div class=\"w-image align_center\"><a target=\"_blank\" rel=\"nofollow\" href=\"https:\/\/www.lungenliga.ch\/de\/lungenliga-freiburg\/startseite.html\" aria-label=\"medhome-liens-utiles-ligue-pulmonaire-suisse-de\" class=\"w-image-h\"><img decoding=\"async\" width=\"500\" height=\"255\" src=\"https:\/\/www.med-home.ch\/wp-content\/uploads\/2021\/06\/medhome-liens-utiles-ligue-pulmonaire-suisse-de.png\" class=\"attachment-full size-full\" alt=\"\" loading=\"lazy\" srcset=\"https:\/\/www.med-home.ch\/wp-content\/uploads\/2021\/06\/medhome-liens-utiles-ligue-pulmonaire-suisse-de.png 500w, https:\/\/www.med-home.ch\/wp-content\/uploads\/2021\/06\/medhome-liens-utiles-ligue-pulmonaire-suisse-de-300x153.png 300w\" sizes=\"auto, (max-width: 500px) 100vw, 500px\" \/><\/a><\/div><div class=\"w-separator size_small\"><\/div><div class=\"wpb_text_column\"><div class=\"wpb_wrapper\"><p style=\"text-align: center;\">Lungenliga Freiburg<\/p>\n<\/div><\/div><\/div><\/div><\/div><div class=\"vc_col-sm-3 wpb_column vc_column_container\"><div class=\"vc_column-inner\"><div class=\"wpb_wrapper\"><div class=\"w-image align_center\"><a target=\"_blank\" rel=\"nofollow\" href=\"https:\/\/freiburg.krebsliga.ch\/voltigo\/\" aria-label=\"medhome-liens-utlies-ligue-contre-le-cancer-voltigo\" class=\"w-image-h\"><img decoding=\"async\" width=\"500\" height=\"255\" src=\"https:\/\/www.med-home.ch\/wp-content\/uploads\/2021\/06\/medhome-liens-utlies-ligue-contre-le-cancer-voltigo.png\" class=\"attachment-full size-full\" alt=\"\" loading=\"lazy\" srcset=\"https:\/\/www.med-home.ch\/wp-content\/uploads\/2021\/06\/medhome-liens-utlies-ligue-contre-le-cancer-voltigo.png 500w, https:\/\/www.med-home.ch\/wp-content\/uploads\/2021\/06\/medhome-liens-utlies-ligue-contre-le-cancer-voltigo-300x153.png 300w\" sizes=\"auto, (max-width: 500px) 100vw, 500px\" \/><\/a><\/div><div class=\"w-separator size_small\"><\/div><div class=\"wpb_text_column\"><div class=\"wpb_wrapper\"><p style=\"text-align: center;\">Krebsliga Voltigo<\/p>\n<\/div><\/div><\/div><\/div><\/div><div class=\"vc_col-sm-3 wpb_column vc_column_container\"><div class=\"vc_column-inner\"><div class=\"wpb_wrapper\"><div class=\"w-image align_center\"><div class=\"w-image-h\"><img decoding=\"async\" width=\"500\" height=\"255\" src=\"https:\/\/www.med-home.ch\/wp-content\/uploads\/2022\/04\/medhome-liens-utiles-sanix-delta-services-ambulances.png\" class=\"attachment-full size-full\" alt=\"\" loading=\"lazy\" srcset=\"https:\/\/www.med-home.ch\/wp-content\/uploads\/2022\/04\/medhome-liens-utiles-sanix-delta-services-ambulances.png 500w, https:\/\/www.med-home.ch\/wp-content\/uploads\/2022\/04\/medhome-liens-utiles-sanix-delta-services-ambulances-300x153.png 300w\" sizes=\"auto, (max-width: 500px) 100vw, 500px\" \/><\/div><\/div><div class=\"w-separator size_small\"><\/div><div class=\"wpb_text_column\"><div class=\"wpb_wrapper\"><p style=\"text-align: center;\">Krankenwagen und Transport mit eingeschr\u00e4nkter Mobilit\u00e4t<\/p>\n<\/div><\/div><\/div><\/div><\/div><\/div><\/div><\/div><\/div><\/div><\/div><\/section><section class=\"l-section wpb_row height_medium\"><div class=\"l-section-overlay\" style=\"background:#e7f1f2\"><\/div><div class=\"l-section-h i-cf\"><div class=\"g-cols vc_row via_flex valign_top type_default stacking_default\"><div class=\"vc_col-sm-12 wpb_column vc_column_container\"><div class=\"vc_column-inner\"><div class=\"wpb_wrapper\"><div class=\"wpb_text_column\"><div class=\"wpb_wrapper\"><h2>Heimpflege<\/h2>\n<\/div><\/div><div class=\"g-cols wpb_row via_flex valign_top type_default stacking_default\"><div class=\"vc_col-sm-3 wpb_column vc_column_container\"><div class=\"vc_column-inner\"><div class=\"wpb_wrapper\"><div class=\"w-image align_center\"><a target=\"_blank\" rel=\"nofollow\" href=\"https:\/\/www.rsl-gns.ch\/Home\/PrekX\/?lang=de\" aria-label=\"medhome-liens-utiles-reseau-du-lac\" class=\"w-image-h\"><img decoding=\"async\" width=\"500\" height=\"255\" src=\"https:\/\/www.med-home.ch\/wp-content\/uploads\/2021\/06\/medhome-liens-utiles-reseau-du-lac.png\" class=\"attachment-full size-full\" alt=\"\" loading=\"lazy\" srcset=\"https:\/\/www.med-home.ch\/wp-content\/uploads\/2021\/06\/medhome-liens-utiles-reseau-du-lac.png 500w, https:\/\/www.med-home.ch\/wp-content\/uploads\/2021\/06\/medhome-liens-utiles-reseau-du-lac-300x153.png 300w\" sizes=\"auto, (max-width: 500px) 100vw, 500px\" \/><\/a><\/div><div class=\"w-separator size_small\"><\/div><div class=\"wpb_text_column\"><div class=\"wpb_wrapper\"><p style=\"text-align: center;\">Gesundheitsnetz See<\/p>\n<\/div><\/div><\/div><\/div><\/div><div class=\"vc_col-sm-3 wpb_column vc_column_container\"><div class=\"vc_column-inner\"><div class=\"wpb_wrapper\"><div class=\"w-image align_center\"><a target=\"_blank\" rel=\"nofollow\" href=\"https:\/\/rssv.ch\/\" aria-label=\"medhome-liens-utiles-reseau-sante-social-veveyse\" class=\"w-image-h\"><img decoding=\"async\" width=\"500\" height=\"255\" src=\"https:\/\/www.med-home.ch\/wp-content\/uploads\/2021\/06\/medhome-liens-utiles-reseau-sante-social-veveyse.png\" class=\"attachment-full size-full\" alt=\"\" loading=\"lazy\" srcset=\"https:\/\/www.med-home.ch\/wp-content\/uploads\/2021\/06\/medhome-liens-utiles-reseau-sante-social-veveyse.png 500w, https:\/\/www.med-home.ch\/wp-content\/uploads\/2021\/06\/medhome-liens-utiles-reseau-sante-social-veveyse-300x153.png 300w\" sizes=\"auto, (max-width: 500px) 100vw, 500px\" \/><\/a><\/div><div class=\"w-separator size_small\"><\/div><div class=\"wpb_text_column\"><div class=\"wpb_wrapper\"><p style=\"text-align: center;\">Gesundheitsnetz Veveyse<\/p>\n<\/div><\/div><\/div><\/div><\/div><div class=\"vc_col-sm-3 wpb_column vc_column_container\"><div class=\"vc_column-inner\"><div class=\"wpb_wrapper\"><div class=\"w-image align_center\"><a target=\"_blank\" rel=\"nofollow\" href=\"https:\/\/www.sante-glane.ch\/\" aria-label=\"medhome-liens-utiles-reseau-sante-glane\" class=\"w-image-h\"><img decoding=\"async\" width=\"500\" height=\"255\" src=\"https:\/\/www.med-home.ch\/wp-content\/uploads\/2021\/06\/medhome-liens-utiles-reseau-sante-glane.png\" class=\"attachment-full size-full\" alt=\"\" loading=\"lazy\" srcset=\"https:\/\/www.med-home.ch\/wp-content\/uploads\/2021\/06\/medhome-liens-utiles-reseau-sante-glane.png 500w, https:\/\/www.med-home.ch\/wp-content\/uploads\/2021\/06\/medhome-liens-utiles-reseau-sante-glane-300x153.png 300w\" sizes=\"auto, (max-width: 500px) 100vw, 500px\" \/><\/a><\/div><div class=\"w-separator size_small\"><\/div><div class=\"wpb_text_column\"><div class=\"wpb_wrapper\"><p style=\"text-align: center;\">Gesundheitsnetz Gl\u00e2ne<\/p>\n<\/div><\/div><\/div><\/div><\/div><div class=\"vc_col-sm-3 wpb_column vc_column_container\"><div class=\"vc_column-inner\"><div class=\"wpb_wrapper\"><div class=\"w-image align_center\"><a target=\"_blank\" rel=\"nofollow\" href=\"https:\/\/www.santesarine.ch\/de\" aria-label=\"medhome-liens-utiles-reseau-sante-de-la-sarine\" class=\"w-image-h\"><img decoding=\"async\" width=\"500\" height=\"255\" src=\"https:\/\/www.med-home.ch\/wp-content\/uploads\/2021\/06\/medhome-liens-utiles-reseau-sante-de-la-sarine.png\" class=\"attachment-full size-full\" alt=\"\" loading=\"lazy\" srcset=\"https:\/\/www.med-home.ch\/wp-content\/uploads\/2021\/06\/medhome-liens-utiles-reseau-sante-de-la-sarine.png 500w, https:\/\/www.med-home.ch\/wp-content\/uploads\/2021\/06\/medhome-liens-utiles-reseau-sante-de-la-sarine-300x153.png 300w\" sizes=\"auto, (max-width: 500px) 100vw, 500px\" \/><\/a><\/div><div class=\"w-separator size_small\"><\/div><div class=\"wpb_text_column\"><div class=\"wpb_wrapper\"><p style=\"text-align: center;\">Gesundheitsnetz Saane<\/p>\n<\/div><\/div><\/div><\/div><\/div><\/div><div class=\"w-separator size_medium\"><\/div><div class=\"g-cols wpb_row via_flex valign_top type_default stacking_default\"><div class=\"vc_col-sm-3 wpb_column vc_column_container\"><div class=\"vc_column-inner\"><div class=\"wpb_wrapper\"><div class=\"w-image align_center\"><a target=\"_blank\" rel=\"nofollow\" href=\"https:\/\/www.senevita.ch\/de\/standorte\/spitex-freiburg\/\" aria-label=\"medhome-liens-utiles-soins-domicile-senevitacasa\" class=\"w-image-h\"><img decoding=\"async\" width=\"500\" height=\"255\" src=\"https:\/\/www.med-home.ch\/wp-content\/uploads\/2024\/09\/medhome-liens-utiles-soins-domicile-senevitacasa.png\" class=\"attachment-full size-full\" alt=\"\" loading=\"lazy\" srcset=\"https:\/\/www.med-home.ch\/wp-content\/uploads\/2024\/09\/medhome-liens-utiles-soins-domicile-senevitacasa.png 500w, https:\/\/www.med-home.ch\/wp-content\/uploads\/2024\/09\/medhome-liens-utiles-soins-domicile-senevitacasa-300x153.png 300w\" sizes=\"auto, (max-width: 500px) 100vw, 500px\" \/><\/a><\/div><div class=\"wpb_text_column\"><div class=\"wpb_wrapper\"><p style=\"text-align: center;\">Spitex<br \/>\nPflege und Betreuung in Freiburg und Region<\/p>\n<\/div><\/div><\/div><\/div><\/div><div class=\"vc_col-sm-3 wpb_column vc_column_container\"><div class=\"vc_column-inner\"><div class=\"wpb_wrapper\"><\/div><\/div><\/div><div class=\"vc_col-sm-3 wpb_column vc_column_container\"><div class=\"vc_column-inner\"><div class=\"wpb_wrapper\"><\/div><\/div><\/div><div class=\"vc_col-sm-3 wpb_column vc_column_container\"><div class=\"vc_column-inner\"><div class=\"wpb_wrapper\"><\/div><\/div><\/div><\/div><\/div><\/div><\/div><\/div><\/div><\/section>\n","protected":false},"excerpt":{"rendered":"Freiburger Spital Schweizerische Eidgenossenschaft Dr. Risch Labor Radiologie-Zentrum Zentrum Ste-Th\u00e9r\u00e8se Lungenliga Freiburg Krebsliga Voltigo Krankenwagen und Transport mit eingeschr\u00e4nkter Mobilit\u00e4t Heimpflege Gesundheitsnetz See Gesundheitsnetz Veveyse Gesundheitsnetz Gl\u00e2ne Gesundheitsnetz Saane Spitex Pflege und Betreuung in Freiburg und Region","protected":false},"author":1,"featured_media":0,"parent":442,"menu_order":0,"comment_status":"closed","ping_status":"closed","template":"","meta":{"footnotes":""},"class_list":["post-684","page","type-page","status-publish","hentry"],"yoast_head":"<!-- This site is optimized with the Yoast SEO plugin v24.5 - https:\/\/yoast.com\/wordpress\/plugins\/seo\/ -->\n<title>N\u00fctzliche Links - MedHome<\/title>\n<meta name=\"robots\" content=\"index, follow, max-snippet:-1, max-image-preview:large, max-video-preview:-1\" \/>\n<link rel=\"canonical\" href=\"https:\/\/www.med-home.ch\/de\/praktische-informationen\/nuetzliche-links\/\" \/>\n<meta property=\"og:locale\" content=\"de_DE\" \/>\n<meta property=\"og:type\" content=\"article\" \/>\n<meta property=\"og:title\" content=\"N\u00fctzliche Links - MedHome\" \/>\n<meta property=\"og:url\" content=\"https:\/\/www.med-home.ch\/de\/praktische-informationen\/nuetzliche-links\/\" \/>\n<meta property=\"og:site_name\" content=\"MedHome\" \/>\n<meta property=\"article:modified_time\" content=\"2024-09-11T07:43:06+00:00\" \/>\n<meta name=\"twitter:card\" content=\"summary_large_image\" \/>\n<meta name=\"twitter:label1\" content=\"Gesch\u00e4tzte Lesezeit\" \/>\n\t<meta name=\"twitter:data1\" content=\"1\u00a0Minute\" \/>\n<script type=\"application\/ld+json\" class=\"yoast-schema-graph\">{\"@context\":\"https:\/\/schema.org\",\"@graph\":[{\"@type\":\"WebPage\",\"@id\":\"https:\/\/www.med-home.ch\/de\/praktische-informationen\/nuetzliche-links\/\",\"url\":\"https:\/\/www.med-home.ch\/de\/praktische-informationen\/nuetzliche-links\/\",\"name\":\"N\u00fctzliche Links - MedHome\",\"isPartOf\":{\"@id\":\"https:\/\/www.med-home.ch\/#website\"},\"datePublished\":\"2021-06-17T09:54:34+00:00\",\"dateModified\":\"2024-09-11T07:43:06+00:00\",\"breadcrumb\":{\"@id\":\"https:\/\/www.med-home.ch\/de\/praktische-informationen\/nuetzliche-links\/#breadcrumb\"},\"inLanguage\":\"de\",\"potentialAction\":[{\"@type\":\"ReadAction\",\"target\":[\"https:\/\/www.med-home.ch\/de\/praktische-informationen\/nuetzliche-links\/\"]}]},{\"@type\":\"BreadcrumbList\",\"@id\":\"https:\/\/www.med-home.ch\/de\/praktische-informationen\/nuetzliche-links\/#breadcrumb\",\"itemListElement\":[{\"@type\":\"ListItem\",\"position\":1,\"name\":\"Accueil\",\"item\":\"https:\/\/www.med-home.ch\/de\/\"},{\"@type\":\"ListItem\",\"position\":2,\"name\":\"Praktische informationen\",\"item\":\"https:\/\/www.med-home.ch\/de\/praktische-informationen\/\"},{\"@type\":\"ListItem\",\"position\":3,\"name\":\"N\u00fctzliche Links\"}]},{\"@type\":\"WebSite\",\"@id\":\"https:\/\/www.med-home.ch\/#website\",\"url\":\"https:\/\/www.med-home.ch\/\",\"name\":\"MedHome\",\"description\":\"M\u00e9decin \u00e0 domicile \u00e0 Fribourg - 7j\/7\",\"potentialAction\":[{\"@type\":\"SearchAction\",\"target\":{\"@type\":\"EntryPoint\",\"urlTemplate\":\"https:\/\/www.med-home.ch\/?s={search_term_string}\"},\"query-input\":{\"@type\":\"PropertyValueSpecification\",\"valueRequired\":true,\"valueName\":\"search_term_string\"}}],\"inLanguage\":\"de\"}]}<\/script>\n<!-- \/ Yoast SEO plugin. -->","yoast_head_json":{"title":"N\u00fctzliche Links - MedHome","robots":{"index":"index","follow":"follow","max-snippet":"max-snippet:-1","max-image-preview":"max-image-preview:large","max-video-preview":"max-video-preview:-1"},"canonical":"https:\/\/www.med-home.ch\/de\/praktische-informationen\/nuetzliche-links\/","og_locale":"de_DE","og_type":"article","og_title":"N\u00fctzliche Links - MedHome","og_url":"https:\/\/www.med-home.ch\/de\/praktische-informationen\/nuetzliche-links\/","og_site_name":"MedHome","article_modified_time":"2024-09-11T07:43:06+00:00","twitter_card":"summary_large_image","twitter_misc":{"Gesch\u00e4tzte Lesezeit":"1\u00a0Minute"},"schema":{"@context":"https:\/\/schema.org","@graph":[{"@type":"WebPage","@id":"https:\/\/www.med-home.ch\/de\/praktische-informationen\/nuetzliche-links\/","url":"https:\/\/www.med-home.ch\/de\/praktische-informationen\/nuetzliche-links\/","name":"N\u00fctzliche Links - MedHome","isPartOf":{"@id":"https:\/\/www.med-home.ch\/#website"},"datePublished":"2021-06-17T09:54:34+00:00","dateModified":"2024-09-11T07:43:06+00:00","breadcrumb":{"@id":"https:\/\/www.med-home.ch\/de\/praktische-informationen\/nuetzliche-links\/#breadcrumb"},"inLanguage":"de","potentialAction":[{"@type":"ReadAction","target":["https:\/\/www.med-home.ch\/de\/praktische-informationen\/nuetzliche-links\/"]}]},{"@type":"BreadcrumbList","@id":"https:\/\/www.med-home.ch\/de\/praktische-informationen\/nuetzliche-links\/#breadcrumb","itemListElement":[{"@type":"ListItem","position":1,"name":"Accueil","item":"https:\/\/www.med-home.ch\/de\/"},{"@type":"ListItem","position":2,"name":"Praktische informationen","item":"https:\/\/www.med-home.ch\/de\/praktische-informationen\/"},{"@type":"ListItem","position":3,"name":"N\u00fctzliche Links"}]},{"@type":"WebSite","@id":"https:\/\/www.med-home.ch\/#website","url":"https:\/\/www.med-home.ch\/","name":"MedHome","description":"M\u00e9decin \u00e0 domicile \u00e0 Fribourg - 7j\/7","potentialAction":[{"@type":"SearchAction","target":{"@type":"EntryPoint","urlTemplate":"https:\/\/www.med-home.ch\/?s={search_term_string}"},"query-input":{"@type":"PropertyValueSpecification","valueRequired":true,"valueName":"search_term_string"}}],"inLanguage":"de"}]}},"_links":{"self":[{"href":"https:\/\/www.med-home.ch\/de\/wp-json\/wp\/v2\/pages\/684","targetHints":{"allow":["GET"]}}],"collection":[{"href":"https:\/\/www.med-home.ch\/de\/wp-json\/wp\/v2\/pages"}],"about":[{"href":"https:\/\/www.med-home.ch\/de\/wp-json\/wp\/v2\/types\/page"}],"author":[{"embeddable":true,"href":"https:\/\/www.med-home.ch\/de\/wp-json\/wp\/v2\/users\/1"}],"replies":[{"embeddable":true,"href":"https:\/\/www.med-home.ch\/de\/wp-json\/wp\/v2\/comments?post=684"}],"version-history":[{"count":13,"href":"https:\/\/www.med-home.ch\/de\/wp-json\/wp\/v2\/pages\/684\/revisions"}],"predecessor-version":[{"id":830,"href":"https:\/\/www.med-home.ch\/de\/wp-json\/wp\/v2\/pages\/684\/revisions\/830"}],"up":[{"embeddable":true,"href":"https:\/\/www.med-home.ch\/de\/wp-json\/wp\/v2\/pages\/442"}],"wp:attachment":[{"href":"https:\/\/www.med-home.ch\/de\/wp-json\/wp\/v2\/media?parent=684"}],"curies":[{"name":"wp","href":"https:\/\/api.w.org\/{rel}","templated":true}]}}