{"id":454,"date":"2020-03-18T10:06:56","date_gmt":"2020-03-18T09:06:56","guid":{"rendered":"https:\/\/www.med-home.ch\/les-medecins\/"},"modified":"2025-02-24T15:23:48","modified_gmt":"2025-02-24T14:23:48","slug":"arzt","status":"publish","type":"page","link":"https:\/\/www.med-home.ch\/de\/arzt\/","title":{"rendered":"\u00c4rzte"},"content":{"rendered":"<section class=\"l-section wpb_row height_medium\"><div class=\"l-section-h i-cf\"><div class=\"g-cols vc_row via_flex valign_top type_default stacking_default\"><div class=\"vc_col-sm-12 wpb_column vc_column_container\"><div class=\"vc_column-inner\"><div class=\"wpb_wrapper\"><div class=\"wpb_text_column\"><div class=\"wpb_wrapper\"><h2>Umfangreiche Erfahrung<br \/>\nin Notfallmedizin<\/h2>\n<\/div><\/div><div class=\"w-separator size_small\"><\/div><div class=\"g-cols wpb_row mdh-medecins-team via_flex valign_top type_default stacking_default\"><div class=\"vc_col-sm-4 wpb_column vc_column_container\"><div class=\"vc_column-inner\"><div class=\"wpb_wrapper\"><div class=\"w-person layout_circle with_desc\" itemscope itemtype=\"https:\/\/schema.org\/Person\"><div class=\"w-person-image\"><img loading=\"lazy\" decoding=\"async\" width=\"2181\" height=\"2181\" src=\"https:\/\/www.med-home.ch\/wp-content\/uploads\/2022\/05\/POMmod_1.jpg\" class=\"attachment-full size-full\" alt=\"\" itemprop=\"image\" srcset=\"https:\/\/www.med-home.ch\/wp-content\/uploads\/2022\/05\/POMmod_1.jpg 2181w, https:\/\/www.med-home.ch\/wp-content\/uploads\/2022\/05\/POMmod_1-300x300.jpg 300w, https:\/\/www.med-home.ch\/wp-content\/uploads\/2022\/05\/POMmod_1-1024x1024.jpg 1024w, https:\/\/www.med-home.ch\/wp-content\/uploads\/2022\/05\/POMmod_1-150x150.jpg 150w\" sizes=\"auto, (max-width: 2181px) 100vw, 2181px\" \/><\/div><div class=\"w-person-content\"><h4 itemprop=\"name\" class=\"w-person-name\"><span>Dr Pierre-Olivier M\u00fcller<\/span><\/h4><div class=\"w-person-role\" itemprop=\"jobTitle\">Chefarzt<\/div><div class=\"w-person-description\" itemprop=\"description\"><p>Dr. M\u00fcller ist nach 30-j\u00e4hriger T\u00e4tigkeit in seiner Privatpraxis in Yverdon-les-Bains zu MedHome zugestossen.<br \/>\nEr besitzt einen Spezialistentitel in Innerer Allgmeinmedizin FMH und eine Ausbildung in interdisziplin\u00e4rer Palliativmedizin im CHUV. Er war w\u00e4hrend \u00fcber 30 Jahren verantwortlicher Arzt eines psychogeriatrischen Altersheimes und w\u00e4hrend 10 Jahren Referent des kantonalen Ausbildungsprogrammes f\u00fcr zuk\u00fcnftige Allgemeinpraktiker im Nordwaadtland Broye.<\/p>\n<p>Gesprochene Sprachen: Franz\u00f6sisch, Deutsch, Englisch<\/p>\n<\/div><\/div><\/div><\/div><\/div><\/div><div class=\"vc_col-sm-4 wpb_column vc_column_container\"><div class=\"vc_column-inner\"><div class=\"wpb_wrapper\"><div class=\"w-person layout_circle with_desc\" itemscope itemtype=\"https:\/\/schema.org\/Person\"><div class=\"w-person-image\"><img loading=\"lazy\" decoding=\"async\" width=\"200\" height=\"200\" src=\"https:\/\/www.med-home.ch\/wp-content\/uploads\/2020\/04\/medhome-medecins-dr-didier-stadler-hd.jpg\" class=\"attachment-full size-full\" alt=\"\" itemprop=\"image\" srcset=\"https:\/\/www.med-home.ch\/wp-content\/uploads\/2020\/04\/medhome-medecins-dr-didier-stadler-hd.jpg 200w, https:\/\/www.med-home.ch\/wp-content\/uploads\/2020\/04\/medhome-medecins-dr-didier-stadler-hd-150x150.jpg 150w\" sizes=\"auto, (max-width: 200px) 100vw, 200px\" \/><\/div><div class=\"w-person-content\"><h4 itemprop=\"name\" class=\"w-person-name\"><span>Dr Didier Stadler<\/span><\/h4><div class=\"w-person-role\" itemprop=\"jobTitle\">Arzt<\/div><div class=\"w-person-description\" itemprop=\"description\"><p>Dr. Stadler, Facharzt f\u00fcr allgemeine innere Medizin, promovierte an der Universit\u00e4t Bern.<\/p>\n<p>Mit mehr als 30 Jahren Berufserfahrung hatte er 23 Jahre lang eine allgemeine Praxis in Freiburg und arbeitete im humanit\u00e4ren Krisenmanagement auf den Kap Verden, den San Blas Inseln, Fidschi und Vanuatu.<\/p>\n<p>Gesprochene Sprachen: Franz\u00f6sisch, Deutsch, Englisch.<\/p>\n<\/div><\/div><\/div><\/div><\/div><\/div><div class=\"vc_col-sm-4 wpb_column vc_column_container\"><div class=\"vc_column-inner\"><div class=\"wpb_wrapper\"><div class=\"w-person layout_circle with_desc\" itemscope itemtype=\"https:\/\/schema.org\/Person\"><div class=\"w-person-image\"><img loading=\"lazy\" decoding=\"async\" width=\"200\" height=\"200\" src=\"https:\/\/www.med-home.ch\/wp-content\/uploads\/2020\/04\/medhome-medecins-dr-gregoire-launay-hd.jpg\" class=\"attachment-full size-full\" alt=\"\" itemprop=\"image\" srcset=\"https:\/\/www.med-home.ch\/wp-content\/uploads\/2020\/04\/medhome-medecins-dr-gregoire-launay-hd.jpg 200w, https:\/\/www.med-home.ch\/wp-content\/uploads\/2020\/04\/medhome-medecins-dr-gregoire-launay-hd-150x150.jpg 150w\" sizes=\"auto, (max-width: 200px) 100vw, 200px\" \/><\/div><div class=\"w-person-content\"><h4 itemprop=\"name\" class=\"w-person-name\"><span>Dr Gr\u00e9goire Launay<\/span><\/h4><div class=\"w-person-role\" itemprop=\"jobTitle\">Arzt<\/div><div class=\"w-person-description\" itemprop=\"description\"><p>Dr. Launay promovierte als Arzt an der Universit\u00e4t Paris und verf\u00fcgt zudem \u00fcber eine Kapazit\u00e4t f\u00fcr Notfallmedizin und einen Universit\u00e4tsabschluss in der Behandlung schwerer Traumata.<\/p>\n<p>Er praktiziert Notfallmedizin sowohl im Krankenhaus als auch ausserhalb des Krankenhauses.<\/p>\n<p>Gesprochene Sprachen: Franz\u00f6sisch, Englisch<\/p>\n<\/div><\/div><\/div><\/div><\/div><\/div><\/div><div class=\"w-separator size_medium\"><\/div><div class=\"g-cols wpb_row mdh-medecins-team via_flex valign_top type_default stacking_default\"><div class=\"vc_col-sm-4 wpb_column vc_column_container\"><div class=\"vc_column-inner\"><div class=\"wpb_wrapper\"><div class=\"w-person layout_circle with_desc\" itemscope itemtype=\"https:\/\/schema.org\/Person\"><div class=\"w-person-image\"><img loading=\"lazy\" decoding=\"async\" width=\"200\" height=\"200\" src=\"https:\/\/www.med-home.ch\/wp-content\/uploads\/2024\/01\/medhome-medecins-dr-benoit-gumy.jpg\" class=\"attachment-full size-full\" alt=\"\" itemprop=\"image\" srcset=\"https:\/\/www.med-home.ch\/wp-content\/uploads\/2024\/01\/medhome-medecins-dr-benoit-gumy.jpg 200w, https:\/\/www.med-home.ch\/wp-content\/uploads\/2024\/01\/medhome-medecins-dr-benoit-gumy-150x150.jpg 150w\" sizes=\"auto, (max-width: 200px) 100vw, 200px\" \/><\/div><div class=\"w-person-content\"><h4 itemprop=\"name\" class=\"w-person-name\"><span>Dr Beno\u00eet Gumy<\/span><\/h4><div class=\"w-person-role\" itemprop=\"jobTitle\">Arzt<\/div><div class=\"w-person-description\" itemprop=\"description\"><p>Doktor Gumy, Spezialarzt FMH in innerer Medizin der Genfer Universit\u00e4t, betrieb in Freiburg \u00fcber 30 Jahre lang seine eigene Allgemeinmedizinpraxis, nachdem er im Freiburger Kantonsspital als Oberarzt gearbeitet hat, um dann schlussendlich im Mai 2022 zu MedHome Hausarztbesuchsdienst zuzustossen.<\/p>\n<p>Gesprochene Sprache: Franz\u00f6sisch<\/p>\n<\/div><\/div><\/div><\/div><\/div><\/div><div class=\"vc_col-sm-4 wpb_column vc_column_container\"><div class=\"vc_column-inner\"><div class=\"wpb_wrapper\"><div class=\"w-person layout_circle with_desc\" itemscope itemtype=\"https:\/\/schema.org\/Person\"><div class=\"w-person-image\"><img loading=\"lazy\" decoding=\"async\" width=\"200\" height=\"200\" src=\"https:\/\/www.med-home.ch\/wp-content\/uploads\/2024\/01\/medhome-medecins-dr-eric-devaud.jpg\" class=\"attachment-full size-full\" alt=\"\" itemprop=\"image\" srcset=\"https:\/\/www.med-home.ch\/wp-content\/uploads\/2024\/01\/medhome-medecins-dr-eric-devaud.jpg 200w, https:\/\/www.med-home.ch\/wp-content\/uploads\/2024\/01\/medhome-medecins-dr-eric-devaud-150x150.jpg 150w\" sizes=\"auto, (max-width: 200px) 100vw, 200px\" \/><\/div><div class=\"w-person-content\"><h4 itemprop=\"name\" class=\"w-person-name\"><span>Dr \u00c9ric Devaud<\/span><\/h4><div class=\"w-person-role\" itemprop=\"jobTitle\">Arzt<\/div><div class=\"w-person-description\" itemprop=\"description\"><p>Spezialarzt FMH in Allgemeinmedizin, Doktor Eric Devaud arbeitete im CHUV, im Freiburger Kantonsspital und im Lausanner Kinderspital, bevor er seine eigene Arztpraxis in Givisiez, wo er \u00fcber 35 Jahre lang praktizierte, er\u00f6ffnete hat, um dann schlussendlich im Oktober 2022 zu MedHome Hausarztbesuchsdienst zuzustossen.<\/p>\n<p>Gesprochene Sprachen: Franz\u00f6sisch, Deutsch<\/p>\n<\/div><\/div><\/div><\/div><\/div><\/div><div class=\"vc_col-sm-4 wpb_column vc_column_container\"><div class=\"vc_column-inner\"><div class=\"wpb_wrapper\"><div class=\"w-person layout_circle with_desc\" itemscope itemtype=\"https:\/\/schema.org\/Person\"><div class=\"w-person-image\"><img loading=\"lazy\" decoding=\"async\" width=\"200\" height=\"200\" src=\"https:\/\/www.med-home.ch\/wp-content\/uploads\/2024\/01\/medhome-medecins-dr-jean-luc-rime.jpg\" class=\"attachment-full size-full\" alt=\"\" itemprop=\"image\" srcset=\"https:\/\/www.med-home.ch\/wp-content\/uploads\/2024\/01\/medhome-medecins-dr-jean-luc-rime.jpg 200w, https:\/\/www.med-home.ch\/wp-content\/uploads\/2024\/01\/medhome-medecins-dr-jean-luc-rime-150x150.jpg 150w\" sizes=\"auto, (max-width: 200px) 100vw, 200px\" \/><\/div><div class=\"w-person-content\"><h4 itemprop=\"name\" class=\"w-person-name\"><span>Dr Jean-Luc Rime<\/span><\/h4><div class=\"w-person-role\" itemprop=\"jobTitle\">Arzt<\/div><div class=\"w-person-description\" itemprop=\"description\"><p>Doktor Rime ist Spezialarzt FMH in allgemeiner innerer Medizin der Universit\u00e4t Bern und hat ein Ausbildungszertifikat in manueller Medizin.<\/p>\n<p>Nebst seiner \u00fcber 30 Jahre langer eigenen Praxis in Ursy war er Lehrer in der Krankenpflegeschule von St-Loup, als auch in der Praktikerpraxis an der UNIL und der UNIFR und Praktikersupervisor an der Lausanner medizinischen Universit\u00e4tspolyklinik.<\/p>\n<p>Doktor Rime stiess im Juli 2023 zu MedHome Hausarztbesuchsdienst.<\/p>\n<p>Gesprochene Sprachen: Franz\u00f6sisch, Deutsch, Englisch<\/p>\n<\/div><\/div><\/div><\/div><\/div><\/div><\/div><div class=\"w-separator size_medium\"><\/div><div class=\"g-cols wpb_row mdh-medecins-team via_flex valign_top type_default stacking_default\"><div class=\"vc_col-sm-4 wpb_column vc_column_container\"><div class=\"vc_column-inner\"><div class=\"wpb_wrapper\"><div class=\"w-person layout_circle with_desc\" itemscope itemtype=\"https:\/\/schema.org\/Person\"><div class=\"w-person-image\"><img loading=\"lazy\" decoding=\"async\" width=\"200\" height=\"200\" src=\"https:\/\/www.med-home.ch\/wp-content\/uploads\/2024\/01\/medhome-medecins-dr-lamine-laroussi.jpg\" class=\"attachment-full size-full\" alt=\"\" itemprop=\"image\" srcset=\"https:\/\/www.med-home.ch\/wp-content\/uploads\/2024\/01\/medhome-medecins-dr-lamine-laroussi.jpg 200w, https:\/\/www.med-home.ch\/wp-content\/uploads\/2024\/01\/medhome-medecins-dr-lamine-laroussi-150x150.jpg 150w\" sizes=\"auto, (max-width: 200px) 100vw, 200px\" \/><\/div><div class=\"w-person-content\"><h4 itemprop=\"name\" class=\"w-person-name\"><span>Dr Lamine Laroussi<\/span><\/h4><div class=\"w-person-role\" itemprop=\"jobTitle\">Arzt<\/div><div class=\"w-person-description\" itemprop=\"description\"><p>Lamine Laroussi ist Doktor der Medizin, Spezialarzt in Allgemeinmedizin der Annaba-Universit\u00e4t in Algerien. Et besitzt 7 Universit\u00e4ts- und Zwischenuniversit\u00e4tsdiplome, wie auch 2 \u00ab Medizinkapazit\u00e4ten \u00bb, die er in Frankreich zwischen 2003 und 2018 erworben hat.<\/p>\n<p>Bevor er im Jahre 2023 zu MedHome Hausarztbesuchsdienst zugestossen ist, hat er seine Spezialit\u00e4t als Allgemeinpraktiker auf verschiedenen Notfallstationen und in Altersheimen in Frankreich, als auch bei SOS-Aerzte in Paris ausge\u00fcbt, und dies nachdem er seine eigene Praxis gef\u00fchrt hat.<\/p>\n<p>Gesprochene Sprachen: Franz\u00f6sisch, Englisch, Arabisch<\/p>\n<\/div><\/div><\/div><\/div><\/div><\/div><div class=\"vc_col-sm-4 wpb_column vc_column_container\"><div class=\"vc_column-inner\"><div class=\"wpb_wrapper\"><\/div><\/div><\/div><div class=\"vc_col-sm-4 wpb_column vc_column_container\"><div class=\"vc_column-inner\"><div class=\"wpb_wrapper\"><\/div><\/div><\/div><\/div><\/div><\/div><\/div><\/div><\/div><\/section>\n","protected":false},"excerpt":{"rendered":"Umfangreiche Erfahrung in Notfallmedizin Dr Pierre-Olivier M\u00fcllerChefarztDr. M\u00fcller ist nach 30-j\u00e4hriger T\u00e4tigkeit in seiner Privatpraxis in Yverdon-les-Bains zu MedHome zugestossen. Er besitzt einen Spezialistentitel in Innerer Allgmeinmedizin FMH und eine Ausbildung in interdisziplin\u00e4rer Palliativmedizin im CHUV. Er war w\u00e4hrend \u00fcber 30 Jahren verantwortlicher Arzt eines psychogeriatrischen Altersheimes und w\u00e4hrend 10 Jahren Referent des kantonalen Ausbildungsprogrammes...","protected":false},"author":1,"featured_media":0,"parent":0,"menu_order":0,"comment_status":"closed","ping_status":"closed","template":"","meta":{"footnotes":""},"class_list":["post-454","page","type-page","status-publish","hentry"],"yoast_head":"<!-- This site is optimized with the Yoast SEO plugin v24.5 - https:\/\/yoast.com\/wordpress\/plugins\/seo\/ -->\n<title>\u00c4rzte - MedHome<\/title>\n<meta name=\"robots\" content=\"index, follow, max-snippet:-1, max-image-preview:large, max-video-preview:-1\" \/>\n<link rel=\"canonical\" href=\"https:\/\/www.med-home.ch\/de\/arzt\/\" \/>\n<meta property=\"og:locale\" content=\"de_DE\" \/>\n<meta property=\"og:type\" content=\"article\" \/>\n<meta property=\"og:title\" content=\"\u00c4rzte - MedHome\" \/>\n<meta property=\"og:url\" content=\"https:\/\/www.med-home.ch\/de\/arzt\/\" \/>\n<meta property=\"og:site_name\" content=\"MedHome\" \/>\n<meta property=\"article:modified_time\" content=\"2025-02-24T14:23:48+00:00\" \/>\n<meta name=\"twitter:card\" content=\"summary_large_image\" \/>\n<meta name=\"twitter:label1\" content=\"Gesch\u00e4tzte Lesezeit\" \/>\n\t<meta name=\"twitter:data1\" content=\"3\u00a0Minuten\" \/>\n<script type=\"application\/ld+json\" class=\"yoast-schema-graph\">{\"@context\":\"https:\/\/schema.org\",\"@graph\":[{\"@type\":\"WebPage\",\"@id\":\"https:\/\/www.med-home.ch\/de\/arzt\/\",\"url\":\"https:\/\/www.med-home.ch\/de\/arzt\/\",\"name\":\"\u00c4rzte - MedHome\",\"isPartOf\":{\"@id\":\"https:\/\/www.med-home.ch\/#website\"},\"datePublished\":\"2020-03-18T09:06:56+00:00\",\"dateModified\":\"2025-02-24T14:23:48+00:00\",\"breadcrumb\":{\"@id\":\"https:\/\/www.med-home.ch\/de\/arzt\/#breadcrumb\"},\"inLanguage\":\"de\",\"potentialAction\":[{\"@type\":\"ReadAction\",\"target\":[\"https:\/\/www.med-home.ch\/de\/arzt\/\"]}]},{\"@type\":\"BreadcrumbList\",\"@id\":\"https:\/\/www.med-home.ch\/de\/arzt\/#breadcrumb\",\"itemListElement\":[{\"@type\":\"ListItem\",\"position\":1,\"name\":\"Accueil\",\"item\":\"https:\/\/www.med-home.ch\/de\/\"},{\"@type\":\"ListItem\",\"position\":2,\"name\":\"\u00c4rzte\"}]},{\"@type\":\"WebSite\",\"@id\":\"https:\/\/www.med-home.ch\/#website\",\"url\":\"https:\/\/www.med-home.ch\/\",\"name\":\"MedHome\",\"description\":\"M\u00e9decin \u00e0 domicile \u00e0 Fribourg - 7j\/7\",\"potentialAction\":[{\"@type\":\"SearchAction\",\"target\":{\"@type\":\"EntryPoint\",\"urlTemplate\":\"https:\/\/www.med-home.ch\/?s={search_term_string}\"},\"query-input\":{\"@type\":\"PropertyValueSpecification\",\"valueRequired\":true,\"valueName\":\"search_term_string\"}}],\"inLanguage\":\"de\"}]}<\/script>\n<!-- \/ Yoast SEO plugin. -->","yoast_head_json":{"title":"\u00c4rzte - MedHome","robots":{"index":"index","follow":"follow","max-snippet":"max-snippet:-1","max-image-preview":"max-image-preview:large","max-video-preview":"max-video-preview:-1"},"canonical":"https:\/\/www.med-home.ch\/de\/arzt\/","og_locale":"de_DE","og_type":"article","og_title":"\u00c4rzte - MedHome","og_url":"https:\/\/www.med-home.ch\/de\/arzt\/","og_site_name":"MedHome","article_modified_time":"2025-02-24T14:23:48+00:00","twitter_card":"summary_large_image","twitter_misc":{"Gesch\u00e4tzte Lesezeit":"3\u00a0Minuten"},"schema":{"@context":"https:\/\/schema.org","@graph":[{"@type":"WebPage","@id":"https:\/\/www.med-home.ch\/de\/arzt\/","url":"https:\/\/www.med-home.ch\/de\/arzt\/","name":"\u00c4rzte - MedHome","isPartOf":{"@id":"https:\/\/www.med-home.ch\/#website"},"datePublished":"2020-03-18T09:06:56+00:00","dateModified":"2025-02-24T14:23:48+00:00","breadcrumb":{"@id":"https:\/\/www.med-home.ch\/de\/arzt\/#breadcrumb"},"inLanguage":"de","potentialAction":[{"@type":"ReadAction","target":["https:\/\/www.med-home.ch\/de\/arzt\/"]}]},{"@type":"BreadcrumbList","@id":"https:\/\/www.med-home.ch\/de\/arzt\/#breadcrumb","itemListElement":[{"@type":"ListItem","position":1,"name":"Accueil","item":"https:\/\/www.med-home.ch\/de\/"},{"@type":"ListItem","position":2,"name":"\u00c4rzte"}]},{"@type":"WebSite","@id":"https:\/\/www.med-home.ch\/#website","url":"https:\/\/www.med-home.ch\/","name":"MedHome","description":"M\u00e9decin \u00e0 domicile \u00e0 Fribourg - 7j\/7","potentialAction":[{"@type":"SearchAction","target":{"@type":"EntryPoint","urlTemplate":"https:\/\/www.med-home.ch\/?s={search_term_string}"},"query-input":{"@type":"PropertyValueSpecification","valueRequired":true,"valueName":"search_term_string"}}],"inLanguage":"de"}]}},"_links":{"self":[{"href":"https:\/\/www.med-home.ch\/de\/wp-json\/wp\/v2\/pages\/454","targetHints":{"allow":["GET"]}}],"collection":[{"href":"https:\/\/www.med-home.ch\/de\/wp-json\/wp\/v2\/pages"}],"about":[{"href":"https:\/\/www.med-home.ch\/de\/wp-json\/wp\/v2\/types\/page"}],"author":[{"embeddable":true,"href":"https:\/\/www.med-home.ch\/de\/wp-json\/wp\/v2\/users\/1"}],"replies":[{"embeddable":true,"href":"https:\/\/www.med-home.ch\/de\/wp-json\/wp\/v2\/comments?post=454"}],"version-history":[{"count":13,"href":"https:\/\/www.med-home.ch\/de\/wp-json\/wp\/v2\/pages\/454\/revisions"}],"predecessor-version":[{"id":852,"href":"https:\/\/www.med-home.ch\/de\/wp-json\/wp\/v2\/pages\/454\/revisions\/852"}],"wp:attachment":[{"href":"https:\/\/www.med-home.ch\/de\/wp-json\/wp\/v2\/media?parent=454"}],"curies":[{"name":"wp","href":"https:\/\/api.w.org\/{rel}","templated":true}]}}