{"id":450,"date":"2020-03-18T10:12:07","date_gmt":"2020-03-18T09:12:07","guid":{"rendered":"https:\/\/www.med-home.ch\/praktische-informationen\/conseils\/"},"modified":"2025-01-21T16:22:10","modified_gmt":"2025-01-21T15:22:10","slug":"tipps","status":"publish","type":"page","link":"https:\/\/www.med-home.ch\/de\/praktische-informationen\/tipps\/","title":{"rendered":"Tipps"},"content":{"rendered":"<section class=\"l-section wpb_row height_medium\"><div class=\"l-section-h i-cf\"><div class=\"g-cols vc_row via_flex valign_top type_default stacking_default\"><div class=\"vc_col-sm-12 wpb_column vc_column_container\"><div class=\"vc_column-inner\"><div class=\"wpb_wrapper\"><div class=\"wpb_text_column\"><div class=\"wpb_wrapper\"><h2>Brauchen sie einen Arzt?<\/h2>\n<p>Wir werden Sie mit einem Arzt in Kontakt bringen, der Sie zu Hause oder an Ihrem Arbeitsplatz besuchen wird.<\/p>\n<\/div><\/div><div class=\"w-separator size_medium\"><\/div><div class=\"g-cols wpb_row via_flex valign_top type_default stacking_default\"><div class=\"vc_col-sm-8 wpb_column vc_column_container\"><div class=\"vc_column-inner\"><div class=\"wpb_wrapper\"><div class=\"wpb_text_column\"><div class=\"wpb_wrapper\"><h2>Unsere Telefon-Permanenz<\/h2>\n<p>Das Callcenter ist <strong>7 Tage w\u00e4hrend der Woche von 7.15 bis 20.00 Uhr, am Wochenende von 7.15 bis 18.00 Uhr <\/strong>abends in Betrieb und wird von medizinischem Personal wie Krankenschwestern, Artzgehilfinnen und Krankenwagenfahrern betrieben. Das Dispatching der Telefonanrufe erfolgt in Echtzeit dank eines Mapping-Werkzeugs, das uns erm\u00f6glicht, <strong>die Anrufe nach Dringlichkeit und geografischem Standort der Besuche und \u00c4rzte zu verteilen.<\/strong><\/p>\n<p>Dieses System erlaubt uns, den Arzt zu den n\u00e4chsten Besuchen zu leiten, aber auch, ihn nach einem dringenderen Anruf umzuleiten.<\/p>\n<\/div><\/div><\/div><\/div><\/div><div class=\"vc_col-sm-4 wpb_column vc_column_container\"><div class=\"vc_column-inner\"><div class=\"wpb_wrapper\"><\/div><\/div><\/div><\/div><\/div><\/div><\/div><\/div><\/div><\/section><section class=\"l-section wpb_row height_medium\"><div class=\"l-section-overlay\" style=\"background:#e7f1f2\"><\/div><div class=\"l-section-h i-cf\"><div class=\"g-cols vc_row via_flex valign_top type_default stacking_default\"><div class=\"vc_col-sm-12 wpb_column vc_column_container\"><div class=\"vc_column-inner\"><div class=\"wpb_wrapper\"><div class=\"wpb_text_column\"><div class=\"wpb_wrapper\"><h2>Ihren Anruf so gut wie m\u00f6glich vorbereiten<\/h2>\n<\/div><\/div><div class=\"g-cols wpb_row via_flex valign_middle type_default stacking_default\"><div class=\"vc_col-sm-6 wpb_column vc_column_container\"><div class=\"vc_column-inner\"><div class=\"wpb_wrapper\"><div class=\"wpb_text_column mdh-preparationappel-list\"><div class=\"wpb_wrapper\"><ol>\n<li><strong>Identit\u00e4t des Patienten<\/strong><br \/>\nName, Vorname, Geburtsdatum oder Alter des Patienten<\/li>\n<li><strong>Telefonnummer<br \/>\n<\/strong>(wo wir Sie zur\u00fcckrufen k\u00f6nnen) Festnetz und Mobilfunk<\/li>\n<li><strong>Besuchsort<br \/>\n<\/strong>genaue Adresse: Geb\u00e4ude, Stockwerk, Zugangscode.<\/li>\n<li><strong>Anrufsgrund<br \/>\n<\/strong>Symptome, Vorgeschichte. Vorsicht: Melden Sie eventuelle Arzneimittelallergien.<\/li>\n<li><strong>Bereiten Sie Ihren Versicherungsausweis vor<\/strong><\/li>\n<li><strong>Warten auf den Arzt<br \/>\n<\/strong>BLEIBEN SIE TELEFONISCH ERREICHBAR, SEIEN SIE NACH IHREM ANRUF NICHT ABWESEND.<br \/>\nEs ist wichtig, dass Sie zwischen dem Telefongespr\u00e4ch mit unserer Zentrale und der Ankunft des Arztes zu Hause bleiben.<\/li>\n<\/ol>\n<\/div><\/div><div class=\"wpb_text_column\"><div class=\"wpb_wrapper\"><p><strong>Die Ankunftszeit des Arztes ist je nach Notf\u00e4llen und Verkehrsbedingungen unterschiedlich. Sie kann fr\u00fcher oder sp\u00e4ter sein.<\/strong><\/p>\n<\/div><\/div><\/div><\/div><\/div><div class=\"vc_col-sm-6 wpb_column vc_column_container\"><div class=\"vc_column-inner\"><div class=\"wpb_wrapper\"><div class=\"wpb_text_column us_custom_f008a665\"><div class=\"wpb_wrapper\"><p style=\"text-align: center;\">Wenn Sie den Arztbesuch nicht mehr w\u00fcnschen, m\u00fcssen Sie uns telefonisch informieren.<\/p>\n<p style=\"text-align: center;\"><span style=\"color: #cb1837;\">Wenn sich Ihr Zustand vor dem Eintreffen des Arztes verschlechtert:<\/span><br \/>\n<span style=\"color: #cb1837;\">rufen Sie unseren Dienst wieder an oder wenden Sie sich<\/span><br \/>\n<span style=\"color: #cb1837;\"><strong>im Falle eines schweren Notfalls an die Nummer 144.<\/strong><\/span><\/p>\n<\/div><\/div><\/div><\/div><\/div><\/div><\/div><\/div><\/div><\/div><\/div><\/section>\n","protected":false},"excerpt":{"rendered":"Brauchen sie einen Arzt? Wir werden Sie mit einem Arzt in Kontakt bringen, der Sie zu Hause oder an Ihrem Arbeitsplatz besuchen wird. Unsere Telefon-Permanenz Das Callcenter ist 7 Tage w\u00e4hrend der Woche von 7.15 bis 20.00 Uhr, am Wochenende von 7.15 bis 18.00 Uhr abends in Betrieb und wird von medizinischem Personal wie Krankenschwestern,...","protected":false},"author":1,"featured_media":0,"parent":442,"menu_order":0,"comment_status":"closed","ping_status":"closed","template":"","meta":{"footnotes":""},"class_list":["post-450","page","type-page","status-publish","hentry"],"yoast_head":"<!-- This site is optimized with the Yoast SEO plugin v24.5 - https:\/\/yoast.com\/wordpress\/plugins\/seo\/ -->\n<title>Tipps - MedHome<\/title>\n<meta name=\"robots\" content=\"index, follow, max-snippet:-1, max-image-preview:large, max-video-preview:-1\" \/>\n<link rel=\"canonical\" href=\"https:\/\/www.med-home.ch\/de\/praktische-informationen\/tipps\/\" \/>\n<meta property=\"og:locale\" content=\"de_DE\" \/>\n<meta property=\"og:type\" content=\"article\" \/>\n<meta property=\"og:title\" content=\"Tipps - MedHome\" \/>\n<meta property=\"og:url\" content=\"https:\/\/www.med-home.ch\/de\/praktische-informationen\/tipps\/\" \/>\n<meta property=\"og:site_name\" content=\"MedHome\" \/>\n<meta property=\"article:modified_time\" content=\"2025-01-21T15:22:10+00:00\" \/>\n<meta name=\"twitter:card\" content=\"summary_large_image\" \/>\n<meta name=\"twitter:label1\" content=\"Gesch\u00e4tzte Lesezeit\" \/>\n\t<meta name=\"twitter:data1\" content=\"2\u00a0Minuten\" \/>\n<script type=\"application\/ld+json\" class=\"yoast-schema-graph\">{\"@context\":\"https:\/\/schema.org\",\"@graph\":[{\"@type\":\"WebPage\",\"@id\":\"https:\/\/www.med-home.ch\/de\/praktische-informationen\/tipps\/\",\"url\":\"https:\/\/www.med-home.ch\/de\/praktische-informationen\/tipps\/\",\"name\":\"Tipps - MedHome\",\"isPartOf\":{\"@id\":\"https:\/\/www.med-home.ch\/#website\"},\"datePublished\":\"2020-03-18T09:12:07+00:00\",\"dateModified\":\"2025-01-21T15:22:10+00:00\",\"breadcrumb\":{\"@id\":\"https:\/\/www.med-home.ch\/de\/praktische-informationen\/tipps\/#breadcrumb\"},\"inLanguage\":\"de\",\"potentialAction\":[{\"@type\":\"ReadAction\",\"target\":[\"https:\/\/www.med-home.ch\/de\/praktische-informationen\/tipps\/\"]}]},{\"@type\":\"BreadcrumbList\",\"@id\":\"https:\/\/www.med-home.ch\/de\/praktische-informationen\/tipps\/#breadcrumb\",\"itemListElement\":[{\"@type\":\"ListItem\",\"position\":1,\"name\":\"Accueil\",\"item\":\"https:\/\/www.med-home.ch\/de\/\"},{\"@type\":\"ListItem\",\"position\":2,\"name\":\"Praktische informationen\",\"item\":\"https:\/\/www.med-home.ch\/de\/praktische-informationen\/\"},{\"@type\":\"ListItem\",\"position\":3,\"name\":\"Tipps\"}]},{\"@type\":\"WebSite\",\"@id\":\"https:\/\/www.med-home.ch\/#website\",\"url\":\"https:\/\/www.med-home.ch\/\",\"name\":\"MedHome\",\"description\":\"M\u00e9decin \u00e0 domicile \u00e0 Fribourg - 7j\/7\",\"potentialAction\":[{\"@type\":\"SearchAction\",\"target\":{\"@type\":\"EntryPoint\",\"urlTemplate\":\"https:\/\/www.med-home.ch\/?s={search_term_string}\"},\"query-input\":{\"@type\":\"PropertyValueSpecification\",\"valueRequired\":true,\"valueName\":\"search_term_string\"}}],\"inLanguage\":\"de\"}]}<\/script>\n<!-- \/ Yoast SEO plugin. -->","yoast_head_json":{"title":"Tipps - MedHome","robots":{"index":"index","follow":"follow","max-snippet":"max-snippet:-1","max-image-preview":"max-image-preview:large","max-video-preview":"max-video-preview:-1"},"canonical":"https:\/\/www.med-home.ch\/de\/praktische-informationen\/tipps\/","og_locale":"de_DE","og_type":"article","og_title":"Tipps - MedHome","og_url":"https:\/\/www.med-home.ch\/de\/praktische-informationen\/tipps\/","og_site_name":"MedHome","article_modified_time":"2025-01-21T15:22:10+00:00","twitter_card":"summary_large_image","twitter_misc":{"Gesch\u00e4tzte Lesezeit":"2\u00a0Minuten"},"schema":{"@context":"https:\/\/schema.org","@graph":[{"@type":"WebPage","@id":"https:\/\/www.med-home.ch\/de\/praktische-informationen\/tipps\/","url":"https:\/\/www.med-home.ch\/de\/praktische-informationen\/tipps\/","name":"Tipps - MedHome","isPartOf":{"@id":"https:\/\/www.med-home.ch\/#website"},"datePublished":"2020-03-18T09:12:07+00:00","dateModified":"2025-01-21T15:22:10+00:00","breadcrumb":{"@id":"https:\/\/www.med-home.ch\/de\/praktische-informationen\/tipps\/#breadcrumb"},"inLanguage":"de","potentialAction":[{"@type":"ReadAction","target":["https:\/\/www.med-home.ch\/de\/praktische-informationen\/tipps\/"]}]},{"@type":"BreadcrumbList","@id":"https:\/\/www.med-home.ch\/de\/praktische-informationen\/tipps\/#breadcrumb","itemListElement":[{"@type":"ListItem","position":1,"name":"Accueil","item":"https:\/\/www.med-home.ch\/de\/"},{"@type":"ListItem","position":2,"name":"Praktische informationen","item":"https:\/\/www.med-home.ch\/de\/praktische-informationen\/"},{"@type":"ListItem","position":3,"name":"Tipps"}]},{"@type":"WebSite","@id":"https:\/\/www.med-home.ch\/#website","url":"https:\/\/www.med-home.ch\/","name":"MedHome","description":"M\u00e9decin \u00e0 domicile \u00e0 Fribourg - 7j\/7","potentialAction":[{"@type":"SearchAction","target":{"@type":"EntryPoint","urlTemplate":"https:\/\/www.med-home.ch\/?s={search_term_string}"},"query-input":{"@type":"PropertyValueSpecification","valueRequired":true,"valueName":"search_term_string"}}],"inLanguage":"de"}]}},"_links":{"self":[{"href":"https:\/\/www.med-home.ch\/de\/wp-json\/wp\/v2\/pages\/450","targetHints":{"allow":["GET"]}}],"collection":[{"href":"https:\/\/www.med-home.ch\/de\/wp-json\/wp\/v2\/pages"}],"about":[{"href":"https:\/\/www.med-home.ch\/de\/wp-json\/wp\/v2\/types\/page"}],"author":[{"embeddable":true,"href":"https:\/\/www.med-home.ch\/de\/wp-json\/wp\/v2\/users\/1"}],"replies":[{"embeddable":true,"href":"https:\/\/www.med-home.ch\/de\/wp-json\/wp\/v2\/comments?post=450"}],"version-history":[{"count":11,"href":"https:\/\/www.med-home.ch\/de\/wp-json\/wp\/v2\/pages\/450\/revisions"}],"predecessor-version":[{"id":846,"href":"https:\/\/www.med-home.ch\/de\/wp-json\/wp\/v2\/pages\/450\/revisions\/846"}],"up":[{"embeddable":true,"href":"https:\/\/www.med-home.ch\/de\/wp-json\/wp\/v2\/pages\/442"}],"wp:attachment":[{"href":"https:\/\/www.med-home.ch\/de\/wp-json\/wp\/v2\/media?parent=450"}],"curies":[{"name":"wp","href":"https:\/\/api.w.org\/{rel}","templated":true}]}}