{"id":12,"date":"2020-03-18T09:51:57","date_gmt":"2020-03-18T08:51:57","guid":{"rendered":"https:\/\/www.med-home.ch\/?page_id=12"},"modified":"2025-01-21T16:23:42","modified_gmt":"2025-01-21T15:23:42","slug":"accueil","status":"publish","type":"page","link":"https:\/\/www.med-home.ch\/de\/","title":{"rendered":"Willkommen"},"content":{"rendered":"<section class=\"l-section wpb_row height_medium with_shape\"><div class=\"l-section-shape type_tilt pos_bottom\" style=\"height:15vmin;color:#97d6db\"><svg xmlns=\"http:\/\/www.w3.org\/2000\/svg\" viewBox=\"0 0 64 8\" preserveAspectRatio=\"none\" width=\"100%\" height=\"100%\">\r\n\t<path fill=\"currentColor\" d=\"M64 7.9 L64 10 L0 10 L0 0 Z\"\/>\r\n<\/svg><\/div><div class=\"l-section-h i-cf\"><div class=\"g-cols vc_row via_flex valign_top type_default stacking_default\"><div class=\"vc_col-sm-12 wpb_column vc_column_container\"><div class=\"vc_column-inner\"><div class=\"wpb_wrapper\"><div class=\"g-cols wpb_row via_flex valign_middle type_default stacking_default\"><div class=\"vc_col-sm-6 wpb_column vc_column_container\"><div class=\"vc_column-inner\"><div class=\"wpb_wrapper\"><div class=\"w-image us_custom_4481559d align_none\"><div class=\"w-image-h\"><img decoding=\"async\" width=\"452\" height=\"120\" src=\"https:\/\/www.med-home.ch\/wp-content\/uploads\/2020\/05\/medhome-logo-de.png\" class=\"attachment-full size-full\" alt=\"\" loading=\"lazy\" srcset=\"https:\/\/www.med-home.ch\/wp-content\/uploads\/2020\/05\/medhome-logo-de.png 452w, https:\/\/www.med-home.ch\/wp-content\/uploads\/2020\/05\/medhome-logo-de-300x80.png 300w\" sizes=\"auto, (max-width: 452px) 100vw, 452px\" \/><\/div><\/div><div class=\"w-separator size_large\"><\/div><div class=\"wpb_text_column us_custom_f79b1258 has_text_color\"><div class=\"wpb_wrapper\"><h1>Der Bereitschaftsarzt der zu<br \/>\n<strong>Ihnen nach Hause kommt 7\/7<\/strong><\/h1>\n<\/div><\/div><\/div><\/div><\/div><div class=\"vc_col-sm-6 wpb_column vc_column_container\"><div class=\"vc_column-inner\"><div class=\"wpb_wrapper\"><div class=\"w-image us_custom_b6e128f8 align_none\"><div class=\"w-image-h\"><img decoding=\"async\" width=\"660\" height=\"600\" src=\"https:\/\/www.med-home.ch\/wp-content\/uploads\/2020\/03\/medhome-stethoscope.jpg\" class=\"attachment-full size-full\" alt=\"\" loading=\"lazy\" srcset=\"https:\/\/www.med-home.ch\/wp-content\/uploads\/2020\/03\/medhome-stethoscope.jpg 660w, https:\/\/www.med-home.ch\/wp-content\/uploads\/2020\/03\/medhome-stethoscope-300x273.jpg 300w\" sizes=\"auto, (max-width: 660px) 100vw, 660px\" \/><\/div><\/div><\/div><\/div><\/div><\/div><div class=\"w-separator size_huge\"><\/div><div class=\"w-separator size_huge\"><\/div><\/div><\/div><\/div><\/div><\/div><\/section><section class=\"l-section wpb_row height_medium with_shape\"><div class=\"l-section-overlay\" style=\"background:#97d6db\"><\/div><div class=\"l-section-shape type_tilt pos_top hor_flip\" style=\"height:70px;color:#97d6db\"><svg xmlns=\"http:\/\/www.w3.org\/2000\/svg\" viewBox=\"0 0 64 8\" preserveAspectRatio=\"none\" width=\"100%\" height=\"100%\">\r\n\t<path fill=\"currentColor\" d=\"M64 7.9 L64 10 L0 10 L0 0 Z\"\/>\r\n<\/svg><\/div><div class=\"l-section-h i-cf\"><div class=\"g-cols vc_row via_flex valign_top type_default stacking_default\"><div class=\"vc_col-sm-6 wpb_column vc_column_container\"><div class=\"vc_column-inner\"><div class=\"wpb_wrapper\"><div class=\"w-image align_center\"><div class=\"w-image-h\"><img decoding=\"async\" width=\"800\" height=\"561\" src=\"https:\/\/www.med-home.ch\/wp-content\/uploads\/2023\/06\/medhome-voiture-medecin-2023-1.png\" class=\"attachment-full size-full\" alt=\"\" loading=\"lazy\" srcset=\"https:\/\/www.med-home.ch\/wp-content\/uploads\/2023\/06\/medhome-voiture-medecin-2023-1.png 800w, https:\/\/www.med-home.ch\/wp-content\/uploads\/2023\/06\/medhome-voiture-medecin-2023-1-300x210.png 300w\" sizes=\"auto, (max-width: 800px) 100vw, 800px\" \/><\/div><\/div><\/div><\/div><\/div><div class=\"vc_col-sm-6 wpb_column vc_column_container\"><div class=\"vc_column-inner\"><div class=\"wpb_wrapper\"><div class=\"wpb_text_column us_custom_6ab032ad has_text_color\"><div class=\"wpb_wrapper\"><h2><span style=\"color: #cb1837;\">MEDHOME: der Hausarztbereitschaftsdienst im Kanton Freiburg<\/span>, 7 Tage in der Woche f\u00fcr medizinische Konsultationen, Notf\u00e4lle, Allgemeinmedizin, Traumatologie oder Pediatrie ab 8 Jahren.<\/h2>\n<\/div><\/div><div class=\"wpb_text_column\"><div class=\"wpb_wrapper\"><p>Unsere Telefonzentrale bietet Ihnen jeden Tag, w\u00e4hrend der Woche von 7.15 bis 20.00 Uhr, am Wochenende von 7.15 bis 18.00 Uhr unter der Nummer 026 6 700 700 eine auf Ihre Bed\u00fcrfnisse angepasste Hilfe an. Unsere \u00c4rzte kommen zu Ihnen nach Hause oder an Ihren Arbeitsplatz.<br \/>\nUnsere Besuche werden nach Tarmed abgerechnet und von den Krankenkassen erstattet.<\/p>\n<p>Es werden nur die in unserer Telefonzentrale eingegangenen Anrufe bearbeitet.<\/p>\n<\/div><\/div><div class=\"wpb_text_column us_custom_08cb7fb8 has_text_color\"><div class=\"wpb_wrapper\"><p style=\"text-align: center;\">Unsere Dienstleistungen werden von<br \/>\nallen Grundversicherungen zur\u00fcckerstattet.<\/p>\n<\/div><\/div><\/div><\/div><\/div><\/div><\/div><\/section>\n","protected":false},"excerpt":{"rendered":"Der Bereitschaftsarzt der zu Ihnen nach Hause kommt 7\/7 MEDHOME: der Hausarztbereitschaftsdienst im Kanton Freiburg, 7 Tage in der Woche f\u00fcr medizinische Konsultationen, Notf\u00e4lle, Allgemeinmedizin, Traumatologie oder Pediatrie ab 8 Jahren. Unsere Telefonzentrale bietet Ihnen jeden Tag, w\u00e4hrend der Woche von 7.15 bis 20.00 Uhr, am Wochenende von 7.15 bis 18.00 Uhr unter der Nummer...","protected":false},"author":1,"featured_media":0,"parent":0,"menu_order":0,"comment_status":"closed","ping_status":"closed","template":"","meta":{"footnotes":""},"class_list":["post-12","page","type-page","status-publish","hentry"],"yoast_head":"<!-- This site is optimized with the Yoast SEO plugin v24.5 - https:\/\/yoast.com\/wordpress\/plugins\/seo\/ -->\n<title>Arzt zu Hause in Fribourg - 7 Tage die Woche - MedHome<\/title>\n<meta name=\"description\" content=\"\u00c4rztlicher Bereitschaftsdienst f\u00fcr h\u00e4usliche Pflege und Notfallkonsultationen im Kanton Freiburg. Bitte rufen Sie 026 6 700 700 an, wenn Sie einen Arzt ben\u00f6tigen.\" \/>\n<meta name=\"robots\" content=\"index, follow, max-snippet:-1, max-image-preview:large, max-video-preview:-1\" \/>\n<link rel=\"canonical\" href=\"https:\/\/www.med-home.ch\/de\/\" \/>\n<meta property=\"og:locale\" content=\"de_DE\" \/>\n<meta property=\"og:type\" content=\"article\" \/>\n<meta property=\"og:title\" content=\"Arzt zu Hause in Fribourg - 7 Tage die Woche - MedHome\" \/>\n<meta property=\"og:description\" content=\"\u00c4rztlicher Bereitschaftsdienst f\u00fcr h\u00e4usliche Pflege und Notfallkonsultationen im Kanton Freiburg. Bitte rufen Sie 026 6 700 700 an, wenn Sie einen Arzt ben\u00f6tigen.\" \/>\n<meta property=\"og:url\" content=\"https:\/\/www.med-home.ch\/de\/\" \/>\n<meta property=\"og:site_name\" content=\"MedHome\" \/>\n<meta property=\"article:modified_time\" content=\"2025-01-21T15:23:42+00:00\" \/>\n<meta property=\"og:image\" content=\"https:\/\/www.med-home.ch\/wp-content\/uploads\/2020\/06\/BAG_Plakat_CoVi_BlauRegelEinhalten_A3_297x420_co_d_page-0001-212x300.jpg\" \/>\n<meta name=\"twitter:card\" content=\"summary_large_image\" \/>\n<meta name=\"twitter:label1\" content=\"Gesch\u00e4tzte Lesezeit\" \/>\n\t<meta name=\"twitter:data1\" content=\"2\u00a0Minuten\" \/>\n<script type=\"application\/ld+json\" class=\"yoast-schema-graph\">{\"@context\":\"https:\/\/schema.org\",\"@graph\":[{\"@type\":\"WebPage\",\"@id\":\"https:\/\/www.med-home.ch\/de\/\",\"url\":\"https:\/\/www.med-home.ch\/de\/\",\"name\":\"Arzt zu Hause in Fribourg - 7 Tage die Woche - MedHome\",\"isPartOf\":{\"@id\":\"https:\/\/www.med-home.ch\/#website\"},\"primaryImageOfPage\":{\"@id\":\"https:\/\/www.med-home.ch\/de\/#primaryimage\"},\"image\":{\"@id\":\"https:\/\/www.med-home.ch\/de\/#primaryimage\"},\"thumbnailUrl\":\"https:\/\/www.med-home.ch\/wp-content\/uploads\/2020\/06\/BAG_Plakat_CoVi_BlauRegelEinhalten_A3_297x420_co_d_page-0001-212x300.jpg\",\"datePublished\":\"2020-03-18T08:51:57+00:00\",\"dateModified\":\"2025-01-21T15:23:42+00:00\",\"description\":\"\u00c4rztlicher Bereitschaftsdienst f\u00fcr h\u00e4usliche Pflege und Notfallkonsultationen im Kanton Freiburg. Bitte rufen Sie 026 6 700 700 an, wenn Sie einen Arzt ben\u00f6tigen.\",\"breadcrumb\":{\"@id\":\"https:\/\/www.med-home.ch\/de\/#breadcrumb\"},\"inLanguage\":\"de\",\"potentialAction\":[{\"@type\":\"ReadAction\",\"target\":[\"https:\/\/www.med-home.ch\/de\/\"]}]},{\"@type\":\"ImageObject\",\"inLanguage\":\"de\",\"@id\":\"https:\/\/www.med-home.ch\/de\/#primaryimage\",\"url\":\"https:\/\/www.med-home.ch\/wp-content\/uploads\/2020\/06\/BAG_Plakat_CoVi_BlauRegelEinhalten_A3_297x420_co_d_page-0001-212x300.jpg\",\"contentUrl\":\"https:\/\/www.med-home.ch\/wp-content\/uploads\/2020\/06\/BAG_Plakat_CoVi_BlauRegelEinhalten_A3_297x420_co_d_page-0001-212x300.jpg\"},{\"@type\":\"BreadcrumbList\",\"@id\":\"https:\/\/www.med-home.ch\/de\/#breadcrumb\",\"itemListElement\":[{\"@type\":\"ListItem\",\"position\":1,\"name\":\"Accueil\",\"item\":\"https:\/\/www.med-home.ch\/de\/\"},{\"@type\":\"ListItem\",\"position\":2,\"name\":\"Willkommen\"}]},{\"@type\":\"WebSite\",\"@id\":\"https:\/\/www.med-home.ch\/#website\",\"url\":\"https:\/\/www.med-home.ch\/\",\"name\":\"MedHome\",\"description\":\"M\u00e9decin \u00e0 domicile \u00e0 Fribourg - 7j\/7\",\"potentialAction\":[{\"@type\":\"SearchAction\",\"target\":{\"@type\":\"EntryPoint\",\"urlTemplate\":\"https:\/\/www.med-home.ch\/?s={search_term_string}\"},\"query-input\":{\"@type\":\"PropertyValueSpecification\",\"valueRequired\":true,\"valueName\":\"search_term_string\"}}],\"inLanguage\":\"de\"}]}<\/script>\n<!-- \/ Yoast SEO plugin. -->","yoast_head_json":{"title":"Arzt zu Hause in Fribourg - 7 Tage die Woche - MedHome","description":"\u00c4rztlicher Bereitschaftsdienst f\u00fcr h\u00e4usliche Pflege und Notfallkonsultationen im Kanton Freiburg. Bitte rufen Sie 026 6 700 700 an, wenn Sie einen Arzt ben\u00f6tigen.","robots":{"index":"index","follow":"follow","max-snippet":"max-snippet:-1","max-image-preview":"max-image-preview:large","max-video-preview":"max-video-preview:-1"},"canonical":"https:\/\/www.med-home.ch\/de\/","og_locale":"de_DE","og_type":"article","og_title":"Arzt zu Hause in Fribourg - 7 Tage die Woche - MedHome","og_description":"\u00c4rztlicher Bereitschaftsdienst f\u00fcr h\u00e4usliche Pflege und Notfallkonsultationen im Kanton Freiburg. Bitte rufen Sie 026 6 700 700 an, wenn Sie einen Arzt ben\u00f6tigen.","og_url":"https:\/\/www.med-home.ch\/de\/","og_site_name":"MedHome","article_modified_time":"2025-01-21T15:23:42+00:00","og_image":[{"url":"https:\/\/www.med-home.ch\/wp-content\/uploads\/2020\/06\/BAG_Plakat_CoVi_BlauRegelEinhalten_A3_297x420_co_d_page-0001-212x300.jpg","type":"","width":"","height":""}],"twitter_card":"summary_large_image","twitter_misc":{"Gesch\u00e4tzte Lesezeit":"2\u00a0Minuten"},"schema":{"@context":"https:\/\/schema.org","@graph":[{"@type":"WebPage","@id":"https:\/\/www.med-home.ch\/de\/","url":"https:\/\/www.med-home.ch\/de\/","name":"Arzt zu Hause in Fribourg - 7 Tage die Woche - MedHome","isPartOf":{"@id":"https:\/\/www.med-home.ch\/#website"},"primaryImageOfPage":{"@id":"https:\/\/www.med-home.ch\/de\/#primaryimage"},"image":{"@id":"https:\/\/www.med-home.ch\/de\/#primaryimage"},"thumbnailUrl":"https:\/\/www.med-home.ch\/wp-content\/uploads\/2020\/06\/BAG_Plakat_CoVi_BlauRegelEinhalten_A3_297x420_co_d_page-0001-212x300.jpg","datePublished":"2020-03-18T08:51:57+00:00","dateModified":"2025-01-21T15:23:42+00:00","description":"\u00c4rztlicher Bereitschaftsdienst f\u00fcr h\u00e4usliche Pflege und Notfallkonsultationen im Kanton Freiburg. Bitte rufen Sie 026 6 700 700 an, wenn Sie einen Arzt ben\u00f6tigen.","breadcrumb":{"@id":"https:\/\/www.med-home.ch\/de\/#breadcrumb"},"inLanguage":"de","potentialAction":[{"@type":"ReadAction","target":["https:\/\/www.med-home.ch\/de\/"]}]},{"@type":"ImageObject","inLanguage":"de","@id":"https:\/\/www.med-home.ch\/de\/#primaryimage","url":"https:\/\/www.med-home.ch\/wp-content\/uploads\/2020\/06\/BAG_Plakat_CoVi_BlauRegelEinhalten_A3_297x420_co_d_page-0001-212x300.jpg","contentUrl":"https:\/\/www.med-home.ch\/wp-content\/uploads\/2020\/06\/BAG_Plakat_CoVi_BlauRegelEinhalten_A3_297x420_co_d_page-0001-212x300.jpg"},{"@type":"BreadcrumbList","@id":"https:\/\/www.med-home.ch\/de\/#breadcrumb","itemListElement":[{"@type":"ListItem","position":1,"name":"Accueil","item":"https:\/\/www.med-home.ch\/de\/"},{"@type":"ListItem","position":2,"name":"Willkommen"}]},{"@type":"WebSite","@id":"https:\/\/www.med-home.ch\/#website","url":"https:\/\/www.med-home.ch\/","name":"MedHome","description":"M\u00e9decin \u00e0 domicile \u00e0 Fribourg - 7j\/7","potentialAction":[{"@type":"SearchAction","target":{"@type":"EntryPoint","urlTemplate":"https:\/\/www.med-home.ch\/?s={search_term_string}"},"query-input":{"@type":"PropertyValueSpecification","valueRequired":true,"valueName":"search_term_string"}}],"inLanguage":"de"}]}},"_links":{"self":[{"href":"https:\/\/www.med-home.ch\/de\/wp-json\/wp\/v2\/pages\/12","targetHints":{"allow":["GET"]}}],"collection":[{"href":"https:\/\/www.med-home.ch\/de\/wp-json\/wp\/v2\/pages"}],"about":[{"href":"https:\/\/www.med-home.ch\/de\/wp-json\/wp\/v2\/types\/page"}],"author":[{"embeddable":true,"href":"https:\/\/www.med-home.ch\/de\/wp-json\/wp\/v2\/users\/1"}],"replies":[{"embeddable":true,"href":"https:\/\/www.med-home.ch\/de\/wp-json\/wp\/v2\/comments?post=12"}],"version-history":[{"count":33,"href":"https:\/\/www.med-home.ch\/de\/wp-json\/wp\/v2\/pages\/12\/revisions"}],"predecessor-version":[{"id":848,"href":"https:\/\/www.med-home.ch\/de\/wp-json\/wp\/v2\/pages\/12\/revisions\/848"}],"wp:attachment":[{"href":"https:\/\/www.med-home.ch\/de\/wp-json\/wp\/v2\/media?parent=12"}],"curies":[{"name":"wp","href":"https:\/\/api.w.org\/{rel}","templated":true}]}}